{"id":530,"date":"2022-08-09T13:56:33","date_gmt":"2022-08-09T16:56:33","guid":{"rendered":"https:\/\/gtifadba.com.br\/221\/?page_id=530"},"modified":"2022-08-09T15:02:12","modified_gmt":"2022-08-09T18:02:12","slug":"1-periodo-2022","status":"publish","type":"page","link":"https:\/\/gtifadba.com.br\/221\/","title":{"rendered":"1\u00b0\u00a0Per\u00edodo 2022"},"content":{"rendered":"\t\t<div data-elementor-type=\"wp-page\" data-elementor-id=\"530\" class=\"elementor elementor-530\">\n\t\t\t\t\t\t\t\t\t<section class=\"elementor-section elementor-top-section elementor-element elementor-element-84a516d elementor-section-full_width elementor-section-height-default elementor-section-height-default elementor-invisible\" data-id=\"84a516d\" data-element_type=\"section\" data-settings=\"{&quot;background_background&quot;:&quot;classic&quot;,&quot;animation&quot;:&quot;fadeInDown&quot;}\">\n\t\t\t\t\t\t\t<div class=\"elementor-background-overlay\"><\/div>\n\t\t\t\t\t\t\t<div class=\"elementor-container elementor-column-gap-default\">\n\t\t\t\t\t<div class=\"elementor-column elementor-col-100 elementor-top-column elementor-element elementor-element-b8189ce\" data-id=\"b8189ce\" data-element_type=\"column\">\n\t\t\t<div class=\"elementor-widget-wrap elementor-element-populated\">\n\t\t\t\t\t\t\t\t<div class=\"elementor-element elementor-element-aeb2e1a elementor-widget elementor-widget-heading\" data-id=\"aeb2e1a\" data-element_type=\"widget\" data-widget_type=\"heading.default\">\n\t\t\t\t<div class=\"elementor-widget-container\">\n\t\t\t<style>\/*! elementor - v3.7.0 - 08-08-2022 *\/\n.elementor-heading-title{padding:0;margin:0;line-height:1}.elementor-widget-heading .elementor-heading-title[class*=elementor-size-]>a{color:inherit;font-size:inherit;line-height:inherit}.elementor-widget-heading .elementor-heading-title.elementor-size-small{font-size:15px}.elementor-widget-heading .elementor-heading-title.elementor-size-medium{font-size:19px}.elementor-widget-heading .elementor-heading-title.elementor-size-large{font-size:29px}.elementor-widget-heading .elementor-heading-title.elementor-size-xl{font-size:39px}.elementor-widget-heading .elementor-heading-title.elementor-size-xxl{font-size:59px}<\/style><h2 class=\"elementor-heading-title elementor-size-default\">Gest\u00e3o da Tecnologia da Informa\u00e7\u00e3o<\/h2>\t\t<\/div>\n\t\t\t\t<\/div>\n\t\t\t\t<div class=\"elementor-element elementor-element-a653685 elementor-align-center elementor-widget elementor-widget-button\" data-id=\"a653685\" data-element_type=\"widget\" data-widget_type=\"button.default\">\n\t\t\t\t<div class=\"elementor-widget-container\">\n\t\t\t\t\t<div class=\"elementor-button-wrapper\">\n\t\t\t<a href=\"#\" class=\"elementor-button-link elementor-button elementor-size-lg\" role=\"button\">\n\t\t\t\t\t\t<span class=\"elementor-button-content-wrapper\">\n\t\t\t\t\t\t<span class=\"elementor-button-text\">Projetos 2022\/1<\/span>\n\t\t<\/span>\n\t\t\t\t\t<\/a>\n\t\t<\/div>\n\t\t\t\t<\/div>\n\t\t\t\t<\/div>\n\t\t\t\t\t<\/div>\n\t\t<\/div>\n\t\t\t\t\t\t\t<\/div>\n\t\t<\/section>\n\t\t\t\t<section class=\"elementor-section elementor-top-section elementor-element elementor-element-dd61f79 elementor-section-boxed elementor-section-height-default elementor-section-height-default\" data-id=\"dd61f79\" data-element_type=\"section\">\n\t\t\t\t\t\t<div class=\"elementor-container elementor-column-gap-default\">\n\t\t\t\t\t<div class=\"elementor-column elementor-col-50 elementor-top-column elementor-element elementor-element-8048918\" data-id=\"8048918\" data-element_type=\"column\">\n\t\t\t<div class=\"elementor-widget-wrap elementor-element-populated\">\n\t\t\t\t\t\t\t\t<div class=\"elementor-element elementor-element-51b565d elementor-cta--skin-classic elementor-animated-content elementor-bg-transform elementor-bg-transform-zoom-in elementor-invisible elementor-widget elementor-widget-call-to-action\" data-id=\"51b565d\" data-element_type=\"widget\" data-settings=\"{&quot;_animation&quot;:&quot;fadeInLeft&quot;}\" data-widget_type=\"call-to-action.default\">\n\t\t\t\t<div class=\"elementor-widget-container\">\n\t\t\t<link rel=\"stylesheet\" href=\"https:\/\/gtifadba.com.br\/221\/wp-content\/plugins\/elementor-pro\/assets\/css\/widget-call-to-action.min.css\">\t\t<a class=\"elementor-cta\" href=\"https:\/\/gtifadba.com.br\/221\/ebooks-das-organizacoes\/\">\n\t\t\t\t\t\t\t<div class=\"elementor-cta__content\">\n\t\t\t\t\t\t\t\t\t<div class=\"elementor-content-item elementor-cta__content-item elementor-icon-wrapper elementor-cta__icon elementor-view-framed elementor-shape-circle\">\n\t\t\t\t\t\t<div class=\"elementor-icon\">\n\t\t\t\t\t\t\t<i aria-hidden=\"true\" class=\"fas fa-book-reader\"><\/i>\t\t\t\t\t\t<\/div>\n\t\t\t\t\t<\/div>\n\t\t\t\t\n\t\t\t\t<h2 class=\"elementor-cta__title elementor-cta__content-item elementor-content-item\">Ebooks das organiza\u00e7\u00f5es<\/h2>\n\t\t\t\t\t\t\t\t\t<div class=\"elementor-cta__description elementor-cta__content-item elementor-content-item\">\n\t\t\t\t\t\t| ESTUDOS ORGANIZACIONAIS |\n <br>\nProduc\u0327a\u0303o e divulgac\u0327a\u0303o de e-books que reu\u0301nem informac\u0327o\u0303es sobre organizac\u0327o\u0303es de tecnologia que atuem no cena\u0301rio mundial.\t\t\t\t\t<\/div>\n\t\t\t\t\n\t\t\t\t\t\t\t\t\t<div class=\"elementor-cta__button-wrapper elementor-cta__content-item elementor-content-item \">\n\t\t\t\t\t<span class=\"elementor-cta__button elementor-button elementor-size-sm\">\n\t\t\t\t\t\tVer ebooks\t\t\t\t\t<\/span>\n\t\t\t\t\t<\/div>\n\t\t\t\t\t\t\t<\/div>\n\t\t\t\t\t\t\t<div class=\"elementor-ribbon elementor-ribbon-right\">\n\t\t\t\t<div class=\"elementor-ribbon-inner\">ebooks<\/div>\n\t\t\t<\/div>\n\t\t\t\t<\/a>\n\t\t\t\t<\/div>\n\t\t\t\t<\/div>\n\t\t\t\t\t<\/div>\n\t\t<\/div>\n\t\t\t\t<div class=\"elementor-column elementor-col-50 elementor-top-column elementor-element elementor-element-bb4e8c8\" data-id=\"bb4e8c8\" data-element_type=\"column\">\n\t\t\t<div class=\"elementor-widget-wrap elementor-element-populated\">\n\t\t\t\t\t\t\t\t<div class=\"elementor-element elementor-element-ed79dd1 elementor-cta--skin-classic elementor-animated-content elementor-bg-transform elementor-bg-transform-zoom-in elementor-invisible elementor-widget elementor-widget-call-to-action\" data-id=\"ed79dd1\" data-element_type=\"widget\" data-settings=\"{&quot;_animation&quot;:&quot;fadeInRight&quot;}\" data-widget_type=\"call-to-action.default\">\n\t\t\t\t<div class=\"elementor-widget-container\">\n\t\t\t\t\t<a class=\"elementor-cta\" href=\"https:\/\/gtifadba.com.br\/221\/gameday\/\">\n\t\t\t\t\t\t\t<div class=\"elementor-cta__content\">\n\t\t\t\t\t\t\t\t\t<div class=\"elementor-content-item elementor-cta__content-item elementor-icon-wrapper elementor-cta__icon elementor-view-framed elementor-shape-circle\">\n\t\t\t\t\t\t<div class=\"elementor-icon\">\n\t\t\t\t\t\t\t<i aria-hidden=\"true\" class=\"fas fa-gamepad\"><\/i>\t\t\t\t\t\t<\/div>\n\t\t\t\t\t<\/div>\n\t\t\t\t\n\t\t\t\t<h2 class=\"elementor-cta__title elementor-cta__content-item elementor-content-item\">Gameday<\/h2>\n\t\t\t\t\t\t\t\t\t<div class=\"elementor-cta__description elementor-cta__content-item elementor-content-item\">\n\t\t\t\t\t\t| DESAFIO COMPUTACIONAL |\n<br>\nApresenta\u00e7\u00e3o dos jogos desenvolvidos  pela turma do 1\u00b0 per\u00edodo de GTI.\n\n\t\t\t\t\t<\/div>\n\t\t\t\t\n\t\t\t\t\t\t\t\t\t<div class=\"elementor-cta__button-wrapper elementor-cta__content-item elementor-content-item \">\n\t\t\t\t\t<span class=\"elementor-cta__button elementor-button elementor-size-sm\">\n\t\t\t\t\t\tVer jogos\t\t\t\t\t<\/span>\n\t\t\t\t\t<\/div>\n\t\t\t\t\t\t\t<\/div>\n\t\t\t\t\t\t\t<div class=\"elementor-ribbon\">\n\t\t\t\t<div class=\"elementor-ribbon-inner\">jogos<\/div>\n\t\t\t<\/div>\n\t\t\t\t<\/a>\n\t\t\t\t<\/div>\n\t\t\t\t<\/div>\n\t\t\t\t\t<\/div>\n\t\t<\/div>\n\t\t\t\t\t\t\t<\/div>\n\t\t<\/section>\n\t\t\t\t<section class=\"elementor-section elementor-top-section elementor-element elementor-element-3f113bb elementor-section-boxed elementor-section-height-default elementor-section-height-default\" data-id=\"3f113bb\" data-element_type=\"section\">\n\t\t\t\t\t\t<div class=\"elementor-container elementor-column-gap-default\">\n\t\t\t\t\t<div class=\"elementor-column elementor-col-100 elementor-top-column elementor-element elementor-element-8389080\" data-id=\"8389080\" data-element_type=\"column\">\n\t\t\t<div class=\"elementor-widget-wrap elementor-element-populated\">\n\t\t\t\t\t\t\t\t<div class=\"elementor-element elementor-element-4b5878d elementor-skin-carousel elementor-arrows-yes elementor-pagination-type-bullets elementor-pagination-position-outside elementor-widget elementor-widget-media-carousel\" data-id=\"4b5878d\" data-element_type=\"widget\" data-settings=\"{&quot;slides_per_view&quot;:&quot;4&quot;,&quot;skin&quot;:&quot;carousel&quot;,&quot;effect&quot;:&quot;slide&quot;,&quot;show_arrows&quot;:&quot;yes&quot;,&quot;pagination&quot;:&quot;bullets&quot;,&quot;speed&quot;:500,&quot;autoplay&quot;:&quot;yes&quot;,&quot;autoplay_speed&quot;:5000,&quot;loop&quot;:&quot;yes&quot;,&quot;pause_on_hover&quot;:&quot;yes&quot;,&quot;pause_on_interaction&quot;:&quot;yes&quot;,&quot;space_between&quot;:{&quot;unit&quot;:&quot;px&quot;,&quot;size&quot;:10,&quot;sizes&quot;:[]},&quot;space_between_tablet&quot;:{&quot;unit&quot;:&quot;px&quot;,&quot;size&quot;:10,&quot;sizes&quot;:[]},&quot;space_between_mobile&quot;:{&quot;unit&quot;:&quot;px&quot;,&quot;size&quot;:10,&quot;sizes&quot;:[]}}\" data-widget_type=\"media-carousel.default\">\n\t\t\t\t<div class=\"elementor-widget-container\">\n\t\t\t<link rel=\"stylesheet\" href=\"https:\/\/gtifadba.com.br\/221\/wp-content\/plugins\/elementor-pro\/assets\/css\/widget-carousel.min.css\">\t\t<div class=\"elementor-swiper\">\n\t\t\t<div class=\"elementor-main-swiper swiper-container\">\n\t\t\t\t<div class=\"swiper-wrapper\">\n\t\t\t\t\t\t\t\t\t\t\t<div class=\"swiper-slide\">\n\t\t\t\t\t\t\t<a href=\"https:\/\/gtifadba.com.br\/221\/gameday\/\">\t\t<div class=\"elementor-carousel-image\" style=\"background-image: url(https:\/\/gtifadba.com.br\/221\/wp-content\/uploads\/2022\/07\/deu-a-louca-capa.png)\">\n\n\t\t\t\n\t\t\t\t\t<\/div>\n\t\t\t\t\t<div class=\"elementor-carousel-image-overlay e-overlay-animation-slide-up\">\n\t\t\t\t<i class=\"fas fa-eye\"><\/i>\t\t\t<\/div>\n\t\t\t<\/a>\t\t\t\t\t\t<\/div>\n\t\t\t\t\t\t\t\t\t\t\t<div class=\"swiper-slide\">\n\t\t\t\t\t\t\t<a href=\"https:\/\/gtifadba.com.br\/221\/gameday\/\">\t\t<div class=\"elementor-carousel-image\" style=\"background-image: url(https:\/\/gtifadba.com.br\/221\/wp-content\/uploads\/2022\/07\/capa-ane.png)\">\n\n\t\t\t\n\t\t\t\t\t<\/div>\n\t\t\t\t\t<div class=\"elementor-carousel-image-overlay e-overlay-animation-slide-up\">\n\t\t\t\t<i class=\"fas fa-eye\"><\/i>\t\t\t<\/div>\n\t\t\t<\/a>\t\t\t\t\t\t<\/div>\n\t\t\t\t\t\t\t\t\t\t\t<div class=\"swiper-slide\">\n\t\t\t\t\t\t\t<a href=\"https:\/\/gtifadba.com.br\/221\/xiaomi-muito-alem-de-um-smartphone\/\">\t\t<div class=\"elementor-carousel-image\" style=\"background-image: url(https:\/\/gtifadba.com.br\/221\/wp-content\/uploads\/2022\/05\/capa-xiaomi.jpeg)\">\n\n\t\t\t\n\t\t\t\t\t<\/div>\n\t\t\t\t\t<div class=\"elementor-carousel-image-overlay e-overlay-animation-slide-up\">\n\t\t\t\t<i class=\"fas fa-eye\"><\/i>\t\t\t<\/div>\n\t\t\t<\/a>\t\t\t\t\t\t<\/div>\n\t\t\t\t\t\t\t\t\t\t\t<div class=\"swiper-slide\">\n\t\t\t\t\t\t\t<a href=\"https:\/\/gtifadba.com.br\/221\/ferrari-arte-da-tecnologia\/\">\t\t<div class=\"elementor-carousel-image\" style=\"background-image: url(https:\/\/gtifadba.com.br\/221\/wp-content\/uploads\/2022\/05\/capa-ferrari.jpeg)\">\n\n\t\t\t\n\t\t\t\t\t<\/div>\n\t\t\t\t\t<div class=\"elementor-carousel-image-overlay e-overlay-animation-slide-up\">\n\t\t\t\t<i class=\"fas fa-eye\"><\/i>\t\t\t<\/div>\n\t\t\t<\/a>\t\t\t\t\t\t<\/div>\n\t\t\t\t\t\t\t\t\t\t\t<div class=\"swiper-slide\">\n\t\t\t\t\t\t\t<a href=\"https:\/\/gtifadba.com.br\/221\/tesla-o-encontro-da-industria-automobilistica-ao-sustentavel\/\">\t\t<div class=\"elementor-carousel-image\" style=\"background-image: url(https:\/\/gtifadba.com.br\/221\/wp-content\/uploads\/2022\/05\/tesla-capa.jpeg)\">\n\n\t\t\t\n\t\t\t\t\t<\/div>\n\t\t\t\t\t<div class=\"elementor-carousel-image-overlay e-overlay-animation-slide-up\">\n\t\t\t\t<i class=\"fas fa-eye\"><\/i>\t\t\t<\/div>\n\t\t\t<\/a>\t\t\t\t\t\t<\/div>\n\t\t\t\t\t\t\t\t\t\t\t<div class=\"swiper-slide\">\n\t\t\t\t\t\t\t<a href=\"https:\/\/gtifadba.com.br\/221\/valve-corporation-a-revolucao-no-mundo-dos-games\/\">\t\t<div class=\"elementor-carousel-image\" style=\"background-image: url(https:\/\/gtifadba.com.br\/221\/wp-content\/uploads\/2022\/05\/valve-capa.jpeg)\">\n\n\t\t\t\n\t\t\t\t\t<\/div>\n\t\t\t\t\t<div class=\"elementor-carousel-image-overlay e-overlay-animation-slide-up\">\n\t\t\t\t<i class=\"fas fa-eye\"><\/i>\t\t\t<\/div>\n\t\t\t<\/a>\t\t\t\t\t\t<\/div>\n\t\t\t\t\t\t\t\t\t\t\t<div class=\"swiper-slide\">\n\t\t\t\t\t\t\t<a href=\"https:\/\/gtifadba.com.br\/221\/a-a-z-dos-negocios\/\">\t\t<div class=\"elementor-carousel-image\" style=\"background-image: url(https:\/\/gtifadba.com.br\/221\/wp-content\/uploads\/2022\/05\/Amazon-1.png)\">\n\n\t\t\t\n\t\t\t\t\t<\/div>\n\t\t\t\t\t<div class=\"elementor-carousel-image-overlay e-overlay-animation-slide-up\">\n\t\t\t\t<i class=\"fas fa-eye\"><\/i>\t\t\t<\/div>\n\t\t\t<\/a>\t\t\t\t\t\t<\/div>\n\t\t\t\t\t\t\t\t\t\t\t<div class=\"swiper-slide\">\n\t\t\t\t\t\t\t<a href=\"https:\/\/gtifadba.com.br\/221\/sony\/\">\t\t<div class=\"elementor-carousel-image\" style=\"background-image: url(https:\/\/gtifadba.com.br\/221\/wp-content\/uploads\/2022\/05\/capa-sony.png)\">\n\n\t\t\t\n\t\t\t\t\t<\/div>\n\t\t\t\t\t<div class=\"elementor-carousel-image-overlay e-overlay-animation-slide-up\">\n\t\t\t\t<i class=\"fas fa-eye\"><\/i>\t\t\t<\/div>\n\t\t\t<\/a>\t\t\t\t\t\t<\/div>\n\t\t\t\t\t\t\t\t\t\t\t<div class=\"swiper-slide\">\n\t\t\t\t\t\t\t<a href=\"https:\/\/gtifadba.com.br\/221\/epic-games-as-conquistas-de-uma-gigante-dos-games\/\">\t\t<div class=\"elementor-carousel-image\" style=\"background-image: url(https:\/\/gtifadba.com.br\/221\/wp-content\/uploads\/2022\/05\/capa-epic.png)\">\n\n\t\t\t\n\t\t\t\t\t<\/div>\n\t\t\t\t\t<div class=\"elementor-carousel-image-overlay e-overlay-animation-slide-up\">\n\t\t\t\t<i class=\"fas fa-eye\"><\/i>\t\t\t<\/div>\n\t\t\t<\/a>\t\t\t\t\t\t<\/div>\n\t\t\t\t\t\t\t\t\t\t\t<div class=\"swiper-slide\">\n\t\t\t\t\t\t\t<a href=\"https:\/\/gtifadba.com.br\/221\/ford\/\">\t\t<div class=\"elementor-carousel-image\" style=\"background-image: url(https:\/\/gtifadba.com.br\/221\/wp-content\/uploads\/2022\/05\/capa-ford.jpeg)\">\n\n\t\t\t\n\t\t\t\t\t<\/div>\n\t\t\t\t\t<div class=\"elementor-carousel-image-overlay e-overlay-animation-slide-up\">\n\t\t\t\t<i class=\"fas fa-eye\"><\/i>\t\t\t<\/div>\n\t\t\t<\/a>\t\t\t\t\t\t<\/div>\n\t\t\t\t\t\t\t\t\t<\/div>\n\t\t\t\t\t\t\t\t\t\t\t\t\t\t\t<div class=\"swiper-pagination\"><\/div>\n\t\t\t\t\t\t\t\t\t\t\t\t\t\t\t\t<div class=\"elementor-swiper-button elementor-swiper-button-prev\">\n\t\t\t\t\t\t\t<i aria-hidden=\"true\" class=\"eicon-chevron-left\"><\/i>\t\t\t\t\t\t\t<span class=\"elementor-screen-only\">Previous<\/span>\n\t\t\t\t\t\t<\/div>\n\t\t\t\t\t\t<div class=\"elementor-swiper-button elementor-swiper-button-next\">\n\t\t\t\t\t\t\t<i aria-hidden=\"true\" class=\"eicon-chevron-right\"><\/i>\t\t\t\t\t\t\t<span class=\"elementor-screen-only\">Next<\/span>\n\t\t\t\t\t\t<\/div>\n\t\t\t\t\t\t\t\t\t\t\t\t<\/div>\n\t\t<\/div>\n\t\t\t\t<\/div>\n\t\t\t\t<\/div>\n\t\t\t\t\t<\/div>\n\t\t<\/div>\n\t\t\t\t\t\t\t<\/div>\n\t\t<\/section>\n\t\t\t\t\t\t\t<\/div>\n\t\t","protected":false},"excerpt":{"rendered":"<p>Gest\u00e3o da Tecnologia da Informa\u00e7\u00e3o Projetos 2022\/1 Ebooks das organiza\u00e7\u00f5es | ESTUDOS ORGANIZACIONAIS | Produc\u0327a\u0303o e divulgac\u0327a\u0303o de e-books que reu\u0301nem informac\u0327o\u0303es sobre organizac\u0327o\u0303es de tecnologia que atuem no cena\u0301rio mundial. Ver ebooks ebooks Gameday | DESAFIO COMPUTACIONAL | Apresenta\u00e7\u00e3o dos jogos desenvolvidos pela turma do 1\u00b0 per\u00edodo de GTI. Ver jogos jogos Previous Next<\/p>\n","protected":false},"author":1,"featured_media":0,"parent":0,"menu_order":0,"comment_status":"closed","ping_status":"closed","template":"elementor_header_footer","meta":[],"yoast_head":"<!-- This site is optimized with the Yoast SEO plugin v19.5.1 - https:\/\/yoast.com\/wordpress\/plugins\/seo\/ -->\n<title>1\u00b0\u00a0Per\u00edodo 2022 - Trabalhos GTI<\/title>\n<meta name=\"description\" content=\"Projetos e trabalhos realizados pela turma do primeiro per\u00edodo de GTI da FADBA em 2022. Conhe\u00e7a e compartilhe!\" \/>\n<meta name=\"robots\" content=\"index, follow, max-snippet:-1, max-image-preview:large, max-video-preview:-1\" \/>\n<link rel=\"canonical\" href=\"https:\/\/gtifadba.com.br\/221\/\" \/>\n<meta property=\"og:locale\" content=\"pt_BR\" \/>\n<meta property=\"og:type\" content=\"article\" \/>\n<meta property=\"og:title\" content=\"1\u00b0\u00a0Per\u00edodo 2022 - Trabalhos GTI\" \/>\n<meta property=\"og:description\" content=\"Projetos e trabalhos realizados pela turma do primeiro per\u00edodo de GTI da FADBA em 2022. Conhe\u00e7a e compartilhe!\" \/>\n<meta property=\"og:url\" content=\"https:\/\/gtifadba.com.br\/221\/\" \/>\n<meta property=\"og:site_name\" content=\"Trabalhos GTI\" \/>\n<meta property=\"article:modified_time\" content=\"2022-08-09T18:02:12+00:00\" \/>\n<meta name=\"twitter:card\" content=\"summary_large_image\" \/>\n<meta name=\"twitter:label1\" content=\"Est. tempo de leitura\" \/>\n\t<meta name=\"twitter:data1\" content=\"1 minuto\" \/>\n<script type=\"application\/ld+json\" class=\"yoast-schema-graph\">{\"@context\":\"https:\/\/schema.org\",\"@graph\":[{\"@type\":\"WebPage\",\"@id\":\"https:\/\/gtifadba.com.br\/221\/\",\"url\":\"https:\/\/gtifadba.com.br\/221\/\",\"name\":\"1\u00b0\u00a0Per\u00edodo 2022 - Trabalhos GTI\",\"isPartOf\":{\"@id\":\"https:\/\/gtifadba.com.br\/221\/#website\"},\"datePublished\":\"2022-08-09T16:56:33+00:00\",\"dateModified\":\"2022-08-09T18:02:12+00:00\",\"description\":\"Projetos e trabalhos realizados pela turma do primeiro per\u00edodo de GTI da FADBA em 2022. Conhe\u00e7a e compartilhe!\",\"breadcrumb\":{\"@id\":\"https:\/\/gtifadba.com.br\/221\/#breadcrumb\"},\"inLanguage\":\"pt-BR\",\"potentialAction\":[{\"@type\":\"ReadAction\",\"target\":[\"https:\/\/gtifadba.com.br\/221\/\"]}]},{\"@type\":\"BreadcrumbList\",\"@id\":\"https:\/\/gtifadba.com.br\/221\/#breadcrumb\",\"itemListElement\":[{\"@type\":\"ListItem\",\"position\":1,\"name\":\"In\u00edcio\",\"item\":\"https:\/\/gtifadba.com.br\/221\/\"},{\"@type\":\"ListItem\",\"position\":2,\"name\":\"1\u00b0\u00a0Per\u00edodo 2022\"}]},{\"@type\":\"WebSite\",\"@id\":\"https:\/\/gtifadba.com.br\/221\/#website\",\"url\":\"https:\/\/gtifadba.com.br\/221\/\",\"name\":\"Trabalhos GTI\",\"description\":\"2022\/1 - FADBA\",\"publisher\":{\"@id\":\"https:\/\/gtifadba.com.br\/221\/#organization\"},\"potentialAction\":[{\"@type\":\"SearchAction\",\"target\":{\"@type\":\"EntryPoint\",\"urlTemplate\":\"https:\/\/gtifadba.com.br\/221\/?s={search_term_string}\"},\"query-input\":\"required name=search_term_string\"}],\"inLanguage\":\"pt-BR\"},{\"@type\":\"Organization\",\"@id\":\"https:\/\/gtifadba.com.br\/221\/#organization\",\"name\":\"2022\/1 GTI FADBA\",\"url\":\"https:\/\/gtifadba.com.br\/221\/\",\"sameAs\":[\"https:\/\/www.instagram.com\/gti_fadba\/\"],\"logo\":{\"@type\":\"ImageObject\",\"inLanguage\":\"pt-BR\",\"@id\":\"https:\/\/gtifadba.com.br\/221\/#\/schema\/logo\/image\/\",\"url\":\"https:\/\/gtifadba.com.br\/221\/wp-content\/uploads\/2022\/05\/Captura-de-Tela-2022-05-28-a\u0300s-20.46.58.png\",\"contentUrl\":\"https:\/\/gtifadba.com.br\/221\/wp-content\/uploads\/2022\/05\/Captura-de-Tela-2022-05-28-a\u0300s-20.46.58.png\",\"width\":1086,\"height\":642,\"caption\":\"2022\/1 GTI FADBA\"},\"image\":{\"@id\":\"https:\/\/gtifadba.com.br\/221\/#\/schema\/logo\/image\/\"}}]}<\/script>\n<!-- \/ Yoast SEO plugin. -->","yoast_head_json":{"title":"1\u00b0\u00a0Per\u00edodo 2022 - Trabalhos GTI","description":"Projetos e trabalhos realizados pela turma do primeiro per\u00edodo de GTI da FADBA em 2022. Conhe\u00e7a e compartilhe!","robots":{"index":"index","follow":"follow","max-snippet":"max-snippet:-1","max-image-preview":"max-image-preview:large","max-video-preview":"max-video-preview:-1"},"canonical":"https:\/\/gtifadba.com.br\/221\/","og_locale":"pt_BR","og_type":"article","og_title":"1\u00b0\u00a0Per\u00edodo 2022 - Trabalhos GTI","og_description":"Projetos e trabalhos realizados pela turma do primeiro per\u00edodo de GTI da FADBA em 2022. Conhe\u00e7a e compartilhe!","og_url":"https:\/\/gtifadba.com.br\/221\/","og_site_name":"Trabalhos GTI","article_modified_time":"2022-08-09T18:02:12+00:00","twitter_card":"summary_large_image","twitter_misc":{"Est. tempo de leitura":"1 minuto"},"schema":{"@context":"https:\/\/schema.org","@graph":[{"@type":"WebPage","@id":"https:\/\/gtifadba.com.br\/221\/","url":"https:\/\/gtifadba.com.br\/221\/","name":"1\u00b0\u00a0Per\u00edodo 2022 - Trabalhos GTI","isPartOf":{"@id":"https:\/\/gtifadba.com.br\/221\/#website"},"datePublished":"2022-08-09T16:56:33+00:00","dateModified":"2022-08-09T18:02:12+00:00","description":"Projetos e trabalhos realizados pela turma do primeiro per\u00edodo de GTI da FADBA em 2022. Conhe\u00e7a e compartilhe!","breadcrumb":{"@id":"https:\/\/gtifadba.com.br\/221\/#breadcrumb"},"inLanguage":"pt-BR","potentialAction":[{"@type":"ReadAction","target":["https:\/\/gtifadba.com.br\/221\/"]}]},{"@type":"BreadcrumbList","@id":"https:\/\/gtifadba.com.br\/221\/#breadcrumb","itemListElement":[{"@type":"ListItem","position":1,"name":"In\u00edcio","item":"https:\/\/gtifadba.com.br\/221\/"},{"@type":"ListItem","position":2,"name":"1\u00b0\u00a0Per\u00edodo 2022"}]},{"@type":"WebSite","@id":"https:\/\/gtifadba.com.br\/221\/#website","url":"https:\/\/gtifadba.com.br\/221\/","name":"Trabalhos GTI","description":"2022\/1 - FADBA","publisher":{"@id":"https:\/\/gtifadba.com.br\/221\/#organization"},"potentialAction":[{"@type":"SearchAction","target":{"@type":"EntryPoint","urlTemplate":"https:\/\/gtifadba.com.br\/221\/?s={search_term_string}"},"query-input":"required name=search_term_string"}],"inLanguage":"pt-BR"},{"@type":"Organization","@id":"https:\/\/gtifadba.com.br\/221\/#organization","name":"2022\/1 GTI FADBA","url":"https:\/\/gtifadba.com.br\/221\/","sameAs":["https:\/\/www.instagram.com\/gti_fadba\/"],"logo":{"@type":"ImageObject","inLanguage":"pt-BR","@id":"https:\/\/gtifadba.com.br\/221\/#\/schema\/logo\/image\/","url":"https:\/\/gtifadba.com.br\/221\/wp-content\/uploads\/2022\/05\/Captura-de-Tela-2022-05-28-a\u0300s-20.46.58.png","contentUrl":"https:\/\/gtifadba.com.br\/221\/wp-content\/uploads\/2022\/05\/Captura-de-Tela-2022-05-28-a\u0300s-20.46.58.png","width":1086,"height":642,"caption":"2022\/1 GTI FADBA"},"image":{"@id":"https:\/\/gtifadba.com.br\/221\/#\/schema\/logo\/image\/"}}]}},"_links":{"self":[{"href":"https:\/\/gtifadba.com.br\/221\/wp-json\/wp\/v2\/pages\/530"}],"collection":[{"href":"https:\/\/gtifadba.com.br\/221\/wp-json\/wp\/v2\/pages"}],"about":[{"href":"https:\/\/gtifadba.com.br\/221\/wp-json\/wp\/v2\/types\/page"}],"author":[{"embeddable":true,"href":"https:\/\/gtifadba.com.br\/221\/wp-json\/wp\/v2\/users\/1"}],"replies":[{"embeddable":true,"href":"https:\/\/gtifadba.com.br\/221\/wp-json\/wp\/v2\/comments?post=530"}],"version-history":[{"count":23,"href":"https:\/\/gtifadba.com.br\/221\/wp-json\/wp\/v2\/pages\/530\/revisions"}],"predecessor-version":[{"id":558,"href":"https:\/\/gtifadba.com.br\/221\/wp-json\/wp\/v2\/pages\/530\/revisions\/558"}],"wp:attachment":[{"href":"https:\/\/gtifadba.com.br\/221\/wp-json\/wp\/v2\/media?parent=530"}],"curies":[{"name":"wp","href":"https:\/\/api.w.org\/{rel}","templated":true}]}}