{"id":215,"date":"2022-05-29T19:20:38","date_gmt":"2022-05-29T22:20:38","guid":{"rendered":"https:\/\/gtifadba.com.br\/221\/?page_id=215"},"modified":"2022-05-29T19:30:41","modified_gmt":"2022-05-29T22:30:41","slug":"sony","status":"publish","type":"page","link":"https:\/\/gtifadba.com.br\/221\/sony\/","title":{"rendered":"Sony"},"content":{"rendered":"\t\t<div data-elementor-type=\"wp-page\" data-elementor-id=\"215\" class=\"elementor elementor-215\">\n\t\t\t\t\t\t\t\t\t<section class=\"elementor-section elementor-top-section elementor-element elementor-element-6f318055 elementor-section-boxed elementor-section-height-default elementor-section-height-default\" data-id=\"6f318055\" data-element_type=\"section\">\n\t\t\t\t\t\t<div class=\"elementor-container elementor-column-gap-default\">\n\t\t\t\t\t<div class=\"elementor-column elementor-col-100 elementor-top-column elementor-element elementor-element-5b822adf\" data-id=\"5b822adf\" data-element_type=\"column\">\n\t\t\t<div class=\"elementor-widget-wrap elementor-element-populated\">\n\t\t\t\t\t\t\t\t<div class=\"elementor-element elementor-element-61fecef0 elementor-widget elementor-widget-heading\" data-id=\"61fecef0\" data-element_type=\"widget\" data-widget_type=\"heading.default\">\n\t\t\t\t<div class=\"elementor-widget-container\">\n\t\t\t<style>\/*! elementor - v3.7.0 - 08-08-2022 *\/\n.elementor-heading-title{padding:0;margin:0;line-height:1}.elementor-widget-heading .elementor-heading-title[class*=elementor-size-]>a{color:inherit;font-size:inherit;line-height:inherit}.elementor-widget-heading .elementor-heading-title.elementor-size-small{font-size:15px}.elementor-widget-heading .elementor-heading-title.elementor-size-medium{font-size:19px}.elementor-widget-heading .elementor-heading-title.elementor-size-large{font-size:29px}.elementor-widget-heading .elementor-heading-title.elementor-size-xl{font-size:39px}.elementor-widget-heading .elementor-heading-title.elementor-size-xxl{font-size:59px}<\/style><h1 class=\"elementor-heading-title elementor-size-default\">Sony - A hist\u00f3ria<\/h1>\t\t<\/div>\n\t\t\t\t<\/div>\n\t\t\t\t<div class=\"elementor-element elementor-element-6c6e2ec elementor-widget elementor-widget-shortcode\" data-id=\"6c6e2ec\" data-element_type=\"widget\" data-widget_type=\"shortcode.default\">\n\t\t\t\t<div class=\"elementor-widget-container\">\n\t\t\t\t\t<div class=\"elementor-shortcode\"><div class=\"real3dflipbook\" id=\"6_69f0dcd62c4c0\" style=\"position:absolute;\" data-flipbook-options=\"{&quot;pages&quot;:[],&quot;pdfUrl&quot;:&quot;https:\\\/\\\/gtifadba.com.br\\\/221\\\/wp-content\\\/uploads\\\/2022\\\/05\\\/SONY-5.pdf&quot;,&quot;tableOfContent&quot;:[{&quot;title&quot;:&quot;O que \\u00e9 a Sony?&quot;,&quot;page&quot;:&quot;4&quot;},{&quot;title&quot;:&quot;Como tudo come\\u00e7ou?&quot;,&quot;page&quot;:&quot;4&quot;},{&quot;title&quot;:&quot;Primeiros produtos lan\\u00e7ados&quot;,&quot;page&quot;:&quot;5&quot;},{&quot;title&quot;:&quot;Como est\\u00e1 atualmente&quot;,&quot;page&quot;:&quot;7&quot;},{&quot;title&quot;:&quot;Sede da Sony e suas filiais&quot;,&quot;page&quot;:&quot;8&quot;},{&quot;title&quot;:&quot;Quantos funcion\\u00e1rios?&quot;,&quot;page&quot;:&quot;8&quot;},{&quot;title&quot;:&quot;Qual valor de mercado?&quot;,&quot;page&quot;:&quot;8&quot;},{&quot;title&quot;:&quot;Marcas associadas&quot;,&quot;page&quot;:&quot;10&quot;},{&quot;title&quot;:&quot;Produtos que fabrica&quot;,&quot;page&quot;:&quot;10&quot;},{&quot;title&quot;:&quot;Curiosidades sobre a Sony&quot;,&quot;page&quot;:&quot;11&quot;},{&quot;title&quot;:&quot;Evolu\\u00e7\\u00e3o do logotipo da Sony&quot;,&quot;page&quot;:&quot;12&quot;},{&quot;title&quot;:&quot;Refer\\u00eancias&quot;,&quot;page&quot;:&quot;13&quot;}],&quot;id&quot;:&quot;6&quot;,&quot;bookId&quot;:&quot;6&quot;,&quot;date&quot;:&quot;2022-05-29&quot;,&quot;lightboxThumbnailUrl&quot;:&quot;https:\\\/\\\/gtifadba.com.br\\\/221\\\/wp-content\\\/uploads\\\/real3d-flipbook\\\/flipbook_6\\\/thumb.jpg?1653862958645&quot;,&quot;mode&quot;:&quot;normal&quot;,&quot;viewMode&quot;:&quot;webgl&quot;,&quot;pageTextureSize&quot;:&quot;2048&quot;,&quot;pageTextureSizeSmall&quot;:&quot;1500&quot;,&quot;pageTextureSizeMobile&quot;:&quot;&quot;,&quot;pageTextureSizeMobileSmall&quot;:&quot;1024&quot;,&quot;pdfTextLayer&quot;:&quot;true&quot;,&quot;zoomMin&quot;:&quot;0.9&quot;,&quot;zoomStep&quot;:&quot;2&quot;,&quot;zoomSize&quot;:&quot;&quot;,&quot;zoomReset&quot;:&quot;false&quot;,&quot;doubleClickZoom&quot;:&quot;true&quot;,&quot;pageDrag&quot;:&quot;true&quot;,&quot;singlePageMode&quot;:&quot;false&quot;,&quot;pageFlipDuration&quot;:&quot;1&quot;,&quot;sound&quot;:&quot;true&quot;,&quot;startPage&quot;:&quot;1&quot;,&quot;deeplinking&quot;:{&quot;enabled&quot;:&quot;false&quot;},&quot;responsiveView&quot;:&quot;true&quot;,&quot;responsiveViewTreshold&quot;:&quot;768&quot;,&quot;cover&quot;:&quot;true&quot;,&quot;backCover&quot;:&quot;true&quot;,&quot;height&quot;:&quot;400&quot;,&quot;responsiveHeight&quot;:&quot;true&quot;,&quot;aspectRatio&quot;:&quot;2&quot;,&quot;thumbnailsOnStart&quot;:&quot;false&quot;,&quot;contentOnStart&quot;:&quot;false&quot;,&quot;searchOnStart&quot;:&quot;&quot;,&quot;tableOfContentCloseOnClick&quot;:&quot;true&quot;,&quot;thumbsCloseOnClick&quot;:&quot;true&quot;,&quot;autoplayOnStart&quot;:&quot;false&quot;,&quot;autoplayInterval&quot;:&quot;3000&quot;,&quot;autoplayStartPage&quot;:&quot;1&quot;,&quot;autoplayLoop&quot;:&quot;true&quot;,&quot;rightToLeft&quot;:&quot;false&quot;,&quot;pageWidth&quot;:&quot;&quot;,&quot;pageHeight&quot;:&quot;&quot;,&quot;thumbSize&quot;:&quot;130&quot;,&quot;logoImg&quot;:&quot;&quot;,&quot;logoUrl&quot;:&quot;&quot;,&quot;logoUrlTarget&quot;:&quot;_blank&quot;,&quot;logoCSS&quot;:&quot;position:absolute;left:0;top:0;&quot;,&quot;menuSelector&quot;:&quot;&quot;,&quot;zIndex&quot;:&quot;auto&quot;,&quot;preloaderText&quot;:&quot;&quot;,&quot;googleAnalyticsTrackingCode&quot;:&quot;&quot;,&quot;pdfBrowserViewerIfIE&quot;:&quot;false&quot;,&quot;modeMobile&quot;:&quot;&quot;,&quot;viewModeMobile&quot;:&quot;&quot;,&quot;aspectRatioMobile&quot;:&quot;&quot;,&quot;singlePageModeIfMobile&quot;:&quot;false&quot;,&quot;pdfBrowserViewerIfMobile&quot;:&quot;false&quot;,&quot;pdfBrowserViewerFullscreen&quot;:&quot;false&quot;,&quot;pdfBrowserViewerFullscreenTarget&quot;:&quot;_blank&quot;,&quot;btnTocIfMobile&quot;:&quot;true&quot;,&quot;btnThumbsIfMobile&quot;:&quot;true&quot;,&quot;btnShareIfMobile&quot;:&quot;false&quot;,&quot;btnDownloadPagesIfMobile&quot;:&quot;true&quot;,&quot;btnDownloadPdfIfMobile&quot;:&quot;true&quot;,&quot;btnSoundIfMobile&quot;:&quot;false&quot;,&quot;btnExpandIfMobile&quot;:&quot;true&quot;,&quot;btnPrintIfMobile&quot;:&quot;false&quot;,&quot;logoHideOnMobile&quot;:&quot;false&quot;,&quot;mobile&quot;:{&quot;contentOnStart&quot;:&quot;false&quot;,&quot;thumbnailsOnStart&quot;:&quot;false&quot;},&quot;lightboxCssClass&quot;:&quot;&quot;,&quot;lightboxLink&quot;:&quot;&quot;,&quot;lightboxLinkNewWindow&quot;:&quot;true&quot;,&quot;lightboxBackground&quot;:&quot;rgb(81, 85, 88)&quot;,&quot;lightboxBackgroundPattern&quot;:&quot;&quot;,&quot;lightboxBackgroundImage&quot;:&quot;&quot;,&quot;lightboxContainerCSS&quot;:&quot;display:inline-block;padding:10px;&quot;,&quot;lightboxThumbnailHeight&quot;:&quot;300&quot;,&quot;lightboxThumbnailUrlCSS&quot;:&quot;display:block;&quot;,&quot;lightboxThumbnailInfo&quot;:&quot;false&quot;,&quot;lightboxThumbnailInfoText&quot;:&quot;&quot;,&quot;lightboxThumbnailInfoCSS&quot;:&quot;top: 0;  width: 100%; height: 100%; font-size: 16px; color: #000; background: rgba(255,255,255,.8);&quot;,&quot;showTitle&quot;:&quot;false&quot;,&quot;showDate&quot;:&quot;false&quot;,&quot;hideThumbnail&quot;:&quot;false&quot;,&quot;lightboxText&quot;:&quot;&quot;,&quot;lightboxTextCSS&quot;:&quot;display:block;&quot;,&quot;lightboxTextPosition&quot;:&quot;top&quot;,&quot;lightBoxOpened&quot;:&quot;false&quot;,&quot;lightBoxFullscreen&quot;:&quot;false&quot;,&quot;lightboxCloseOnClick&quot;:&quot;false&quot;,&quot;lightboxStartPage&quot;:&quot;&quot;,&quot;lightboxMarginV&quot;:&quot;0&quot;,&quot;lightboxMarginH&quot;:&quot;0&quot;,&quot;lights&quot;:&quot;true&quot;,&quot;lightPositionX&quot;:&quot;0&quot;,&quot;lightPositionY&quot;:&quot;150&quot;,&quot;lightPositionZ&quot;:&quot;1400&quot;,&quot;lightIntensity&quot;:&quot;0.6&quot;,&quot;shadows&quot;:&quot;true&quot;,&quot;shadowMapSize&quot;:&quot;2048&quot;,&quot;shadowOpacity&quot;:&quot;0.2&quot;,&quot;shadowDistance&quot;:&quot;15&quot;,&quot;pageHardness&quot;:&quot;2&quot;,&quot;coverHardness&quot;:&quot;2&quot;,&quot;pageRoughness&quot;:&quot;1&quot;,&quot;pageMetalness&quot;:&quot;0&quot;,&quot;pageSegmentsW&quot;:&quot;6&quot;,&quot;pageSegmentsH&quot;:&quot;1&quot;,&quot;pageMiddleShadowSize&quot;:&quot;2&quot;,&quot;pageMiddleShadowColorL&quot;:&quot;#999999&quot;,&quot;pageMiddleShadowColorR&quot;:&quot;#777777&quot;,&quot;antialias&quot;:&quot;false&quot;,&quot;pan&quot;:&quot;0&quot;,&quot;tilt&quot;:&quot;0&quot;,&quot;rotateCameraOnMouseDrag&quot;:&quot;true&quot;,&quot;panMax&quot;:&quot;20&quot;,&quot;panMin&quot;:&quot;-20&quot;,&quot;tiltMax&quot;:&quot;0&quot;,&quot;tiltMin&quot;:&quot;-60&quot;,&quot;currentPage&quot;:{&quot;enabled&quot;:&quot;true&quot;,&quot;title&quot;:&quot;Current page&quot;,&quot;vAlign&quot;:&quot;top&quot;,&quot;hAlign&quot;:&quot;left&quot;},&quot;btnAutoplay&quot;:{&quot;enabled&quot;:&quot;true&quot;,&quot;title&quot;:&quot;Autoplay&quot;},&quot;btnNext&quot;:{&quot;enabled&quot;:&quot;true&quot;,&quot;title&quot;:&quot;Next Page&quot;},&quot;btnLast&quot;:{&quot;enabled&quot;:&quot;false&quot;,&quot;title&quot;:&quot;Last Page&quot;},&quot;btnPrev&quot;:{&quot;enabled&quot;:&quot;true&quot;,&quot;title&quot;:&quot;Previous Page&quot;},&quot;btnFirst&quot;:{&quot;enabled&quot;:&quot;false&quot;,&quot;title&quot;:&quot;First Page&quot;},&quot;btnZoomIn&quot;:{&quot;enabled&quot;:&quot;true&quot;,&quot;title&quot;:&quot;Zoom in&quot;},&quot;btnZoomOut&quot;:{&quot;enabled&quot;:&quot;true&quot;,&quot;title&quot;:&quot;Zoom out&quot;},&quot;btnToc&quot;:{&quot;enabled&quot;:&quot;true&quot;,&quot;title&quot;:&quot;Table of Contents&quot;},&quot;btnThumbs&quot;:{&quot;enabled&quot;:&quot;true&quot;,&quot;title&quot;:&quot;Pages&quot;},&quot;btnShare&quot;:{&quot;enabled&quot;:&quot;true&quot;,&quot;title&quot;:&quot;Share&quot;},&quot;btnDownloadPages&quot;:{&quot;enabled&quot;:&quot;false&quot;,&quot;title&quot;:&quot;Download pages&quot;},&quot;btnDownloadPdf&quot;:{&quot;enabled&quot;:&quot;false&quot;,&quot;title&quot;:&quot;Download PDF&quot;},&quot;btnSound&quot;:{&quot;enabled&quot;:&quot;true&quot;,&quot;title&quot;:&quot;Sound&quot;},&quot;btnExpand&quot;:{&quot;enabled&quot;:&quot;true&quot;,&quot;title&quot;:&quot;Toggle fullscreen&quot;},&quot;btnSelect&quot;:{&quot;enabled&quot;:&quot;true&quot;,&quot;title&quot;:&quot;Select tool&quot;},&quot;btnSearch&quot;:{&quot;enabled&quot;:&quot;false&quot;,&quot;title&quot;:&quot;Search&quot;},&quot;btnBookmark&quot;:{&quot;enabled&quot;:&quot;false&quot;,&quot;title&quot;:&quot;Bookmark&quot;},&quot;btnPrint&quot;:{&quot;enabled&quot;:&quot;true&quot;,&quot;title&quot;:&quot;Print&quot;},&quot;btnClose&quot;:{&quot;enabled&quot;:&quot;true&quot;,&quot;title&quot;:&quot;Close&quot;},&quot;whatsapp&quot;:{&quot;enabled&quot;:&quot;true&quot;},&quot;twitter&quot;:{&quot;enabled&quot;:&quot;true&quot;},&quot;facebook&quot;:{&quot;enabled&quot;:&quot;true&quot;},&quot;pinterest&quot;:{&quot;enabled&quot;:&quot;true&quot;},&quot;email&quot;:{&quot;enabled&quot;:&quot;true&quot;},&quot;linkedin&quot;:{&quot;enabled&quot;:&quot;true&quot;},&quot;digg&quot;:{&quot;enabled&quot;:&quot;false&quot;},&quot;reddit&quot;:{&quot;enabled&quot;:&quot;false&quot;},&quot;shareUrl&quot;:&quot;&quot;,&quot;shareTitle&quot;:&quot;Conhe\\u00e7a este e-book:&quot;,&quot;shareImage&quot;:&quot;&quot;,&quot;theme&quot;:&quot;default&quot;,&quot;skin&quot;:&quot;light&quot;,&quot;useFontAwesome5&quot;:&quot;true&quot;,&quot;sideNavigationButtons&quot;:&quot;true&quot;,&quot;menuNavigationButtons&quot;:&quot;false&quot;,&quot;backgroundColor&quot;:&quot;rgb(81, 85, 88)&quot;,&quot;backgroundPattern&quot;:&quot;&quot;,&quot;backgroundImage&quot;:&quot;&quot;,&quot;backgroundTransparent&quot;:&quot;false&quot;,&quot;menuBackground&quot;:&quot;&quot;,&quot;menuShadow&quot;:&quot;&quot;,&quot;menuMargin&quot;:&quot;0&quot;,&quot;menuPadding&quot;:&quot;0&quot;,&quot;menuOverBook&quot;:&quot;false&quot;,&quot;menuFloating&quot;:&quot;false&quot;,&quot;menuTransparent&quot;:&quot;false&quot;,&quot;menu2Background&quot;:&quot;&quot;,&quot;menu2Shadow&quot;:&quot;&quot;,&quot;menu2Margin&quot;:&quot;0&quot;,&quot;menu2Padding&quot;:&quot;0&quot;,&quot;menu2OverBook&quot;:&quot;true&quot;,&quot;menu2Floating&quot;:&quot;false&quot;,&quot;menu2Transparent&quot;:&quot;true&quot;,&quot;skinColor&quot;:&quot;&quot;,&quot;skinBackground&quot;:&quot;&quot;,&quot;hideMenu&quot;:&quot;false&quot;,&quot;menuAlignHorizontal&quot;:&quot;center&quot;,&quot;btnColor&quot;:&quot;&quot;,&quot;btnBackground&quot;:&quot;none&quot;,&quot;btnRadius&quot;:&quot;0&quot;,&quot;btnMargin&quot;:&quot;0&quot;,&quot;btnSize&quot;:&quot;14&quot;,&quot;btnPaddingV&quot;:&quot;10&quot;,&quot;btnPaddingH&quot;:&quot;10&quot;,&quot;btnShadow&quot;:&quot;&quot;,&quot;btnTextShadow&quot;:&quot;&quot;,&quot;btnBorder&quot;:&quot;&quot;,&quot;sideBtnColor&quot;:&quot;#fff&quot;,&quot;sideBtnBackground&quot;:&quot;rgba(0,0,0,.3)&quot;,&quot;sideBtnRadius&quot;:&quot;0&quot;,&quot;sideBtnMargin&quot;:&quot;0&quot;,&quot;sideBtnSize&quot;:&quot;30&quot;,&quot;sideBtnPaddingV&quot;:&quot;5&quot;,&quot;sideBtnPaddingH&quot;:&quot;5&quot;,&quot;sideBtnShadow&quot;:&quot;&quot;,&quot;sideBtnTextShadow&quot;:&quot;&quot;,&quot;sideBtnBorder&quot;:&quot;&quot;,&quot;closeBtnColor&quot;:&quot;#FFF&quot;,&quot;closeBtnBackground&quot;:&quot;rgba(0,0,0,.4)&quot;,&quot;closeBtnRadius&quot;:&quot;0&quot;,&quot;closeBtnMargin&quot;:&quot;0&quot;,&quot;closeBtnSize&quot;:&quot;20&quot;,&quot;closeBtnPadding&quot;:&quot;5&quot;,&quot;closeBtnTextShadow&quot;:&quot;&quot;,&quot;closeBtnBorder&quot;:&quot;&quot;,&quot;currentPageMarginV&quot;:&quot;5&quot;,&quot;currentPageMarginH&quot;:&quot;5&quot;,&quot;arrowsAlwaysEnabledForNavigation&quot;:&quot;false&quot;,&quot;arrowsDisabledNotFullscreen&quot;:&quot;true&quot;,&quot;touchSwipeEnabled&quot;:&quot;true&quot;,&quot;rightClickEnabled&quot;:&quot;true&quot;,&quot;linkColor&quot;:&quot;rgba(0, 0, 0, 0)&quot;,&quot;linkColorHover&quot;:&quot;rgba(255, 255, 0, 1)&quot;,&quot;linkOpacity&quot;:&quot;0.4&quot;,&quot;pdfAutoLinks&quot;:&quot;false&quot;,&quot;strings&quot;:{&quot;print&quot;:&quot;Imprimir&quot;,&quot;printLeftPage&quot;:&quot;Print left page&quot;,&quot;printRightPage&quot;:&quot;Print right page&quot;,&quot;printCurrentPage&quot;:&quot;Print current page&quot;,&quot;printAllPages&quot;:&quot;Print all pages&quot;,&quot;download&quot;:&quot;Download&quot;,&quot;downloadLeftPage&quot;:&quot;Download left page&quot;,&quot;downloadRightPage&quot;:&quot;Download right page&quot;,&quot;downloadCurrentPage&quot;:&quot;Download current page&quot;,&quot;downloadAllPages&quot;:&quot;Download all pages&quot;,&quot;bookmarks&quot;:&quot;Favoritos&quot;,&quot;bookmarkLeftPage&quot;:&quot;Bookmark left page&quot;,&quot;bookmarkRightPage&quot;:&quot;Bookmark right page&quot;,&quot;bookmarkCurrentPage&quot;:&quot;Bookmark current page&quot;,&quot;search&quot;:&quot;Pesquisa&quot;,&quot;findInDocument&quot;:&quot;Encontrar&quot;,&quot;pagesFoundContaining&quot;:&quot;p\\u00e1ginas n\\u00e3o encontradas&quot;,&quot;thumbnails&quot;:&quot;P\\u00e1ginas&quot;,&quot;tableOfContent&quot;:&quot;Sum\\u00e1rio&quot;,&quot;share&quot;:&quot;Compartilhar&quot;,&quot;pressEscToClose&quot;:&quot;ESC para sair&quot;},&quot;access&quot;:&quot;full&quot;,&quot;backgroundMusic&quot;:&quot;&quot;,&quot;cornerCurl&quot;:&quot;false&quot;,&quot;layout&quot;:&quot;1&quot;,&quot;icons&quot;:&quot;FontAwesome&quot;,&quot;sideMenuOverBook&quot;:&quot;true&quot;,&quot;sideMenuOverMenu&quot;:&quot;true&quot;,&quot;sideMenuOverMenu2&quot;:&quot;true&quot;,&quot;rewriteSlug&quot;:&quot;Disabled&quot;,&quot;name&quot;:&quot;Sony - A hist\\u00f3ria&quot;,&quot;post_id&quot;:217,&quot;rootFolder&quot;:&quot;https:\\\/\\\/gtifadba.com.br\\\/221\\\/wp-content\\\/plugins\\\/real3d-flipbook\\\/&quot;,&quot;version&quot;:&quot;3.34&quot;,&quot;uniqueId&quot;:&quot;6_69f0dcd62c4c0&quot;}\"><\/div>\n<\/div>\n\t\t\t\t<\/div>\n\t\t\t\t<\/div>\n\t\t\t\t<div class=\"elementor-element elementor-element-a154c5f elementor-align-center elementor-widget elementor-widget-button\" data-id=\"a154c5f\" data-element_type=\"widget\" data-widget_type=\"button.default\">\n\t\t\t\t<div class=\"elementor-widget-container\">\n\t\t\t\t\t<div class=\"elementor-button-wrapper\">\n\t\t\t<a href=\"https:\/\/gtifadba.com.br\/221\/wp-content\/uploads\/2022\/05\/SONY-5.pdf\" target=\"_blank\" class=\"elementor-button-link elementor-button elementor-size-md\" role=\"button\">\n\t\t\t\t\t\t<span class=\"elementor-button-content-wrapper\">\n\t\t\t\t\t\t<span class=\"elementor-button-text\">Baixar e-book<\/span>\n\t\t<\/span>\n\t\t\t\t\t<\/a>\n\t\t<\/div>\n\t\t\t\t<\/div>\n\t\t\t\t<\/div>\n\t\t\t\t<div class=\"elementor-element elementor-element-9e918ef elementor-widget elementor-widget-text-editor\" data-id=\"9e918ef\" data-element_type=\"widget\" data-widget_type=\"text-editor.default\">\n\t\t\t\t<div class=\"elementor-widget-container\">\n\t\t\t<style>\/*! elementor - v3.7.0 - 08-08-2022 *\/\n.elementor-widget-text-editor.elementor-drop-cap-view-stacked .elementor-drop-cap{background-color:#818a91;color:#fff}.elementor-widget-text-editor.elementor-drop-cap-view-framed .elementor-drop-cap{color:#818a91;border:3px solid;background-color:transparent}.elementor-widget-text-editor:not(.elementor-drop-cap-view-default) .elementor-drop-cap{margin-top:8px}.elementor-widget-text-editor:not(.elementor-drop-cap-view-default) .elementor-drop-cap-letter{width:1em;height:1em}.elementor-widget-text-editor .elementor-drop-cap{float:left;text-align:center;line-height:1;font-size:50px}.elementor-widget-text-editor .elementor-drop-cap-letter{display:inline-block}<\/style>\t\t\t\t<p>O presente trabalho foi desenvolvido por estudantes da Faculdade Adventista da Bahia, tendo como objetivo a cria\u00e7\u00e3o de um material sem fins lucrativos e que servir\u00e1 de fonte de informa\u00e7\u00f5es sobre empresa Sony. No material o aluno encontrar\u00e1 de forma din\u00e2mica importantes informa\u00e7\u00f5es como tamb\u00e9m curiosidades que \u201cmarcam\u201d a hist\u00f3ria da empresa.<\/p><p>Autores: Guilherme Almeida, Luciano Valen\u00e7a, Camily Batista, L\u00f3ren Soares, Laysa Concei\u00e7\u00e3o, Eduardo Lopes, Raian Oliveira e Fl\u00e1via Liliane.<\/p>\t\t\t\t\t\t<\/div>\n\t\t\t\t<\/div>\n\t\t\t\t\t<\/div>\n\t\t<\/div>\n\t\t\t\t\t\t\t<\/div>\n\t\t<\/section>\n\t\t\t\t\t\t\t<\/div>\n\t\t","protected":false},"excerpt":{"rendered":"<p>Sony &#8211; A hist\u00f3ria Baixar e-book O presente trabalho foi desenvolvido por estudantes da Faculdade Adventista da Bahia, tendo como objetivo a cria\u00e7\u00e3o de um material sem fins lucrativos e que servir\u00e1 de fonte de informa\u00e7\u00f5es sobre empresa Sony. No material o aluno encontrar\u00e1 de forma din\u00e2mica importantes informa\u00e7\u00f5es como tamb\u00e9m curiosidades que \u201cmarcam\u201d a [&hellip;]<\/p>\n","protected":false},"author":1,"featured_media":0,"parent":0,"menu_order":0,"comment_status":"closed","ping_status":"closed","template":"","meta":[],"yoast_head":"<!-- This site is optimized with the Yoast SEO plugin v19.5.1 - https:\/\/yoast.com\/wordpress\/plugins\/seo\/ -->\n<title>Sony - Trabalhos GTI<\/title>\n<meta name=\"robots\" content=\"index, follow, max-snippet:-1, max-image-preview:large, max-video-preview:-1\" \/>\n<link rel=\"canonical\" href=\"https:\/\/gtifadba.com.br\/221\/sony\/\" \/>\n<meta property=\"og:locale\" content=\"pt_BR\" \/>\n<meta property=\"og:type\" content=\"article\" \/>\n<meta property=\"og:title\" content=\"Sony - Trabalhos GTI\" \/>\n<meta property=\"og:description\" content=\"Sony &#8211; A hist\u00f3ria Baixar e-book O presente trabalho foi desenvolvido por estudantes da Faculdade Adventista da Bahia, tendo como objetivo a cria\u00e7\u00e3o de um material sem fins lucrativos e que servir\u00e1 de fonte de informa\u00e7\u00f5es sobre empresa Sony. No material o aluno encontrar\u00e1 de forma din\u00e2mica importantes informa\u00e7\u00f5es como tamb\u00e9m curiosidades que \u201cmarcam\u201d a [&hellip;]\" \/>\n<meta property=\"og:url\" content=\"https:\/\/gtifadba.com.br\/221\/sony\/\" \/>\n<meta property=\"og:site_name\" content=\"Trabalhos GTI\" \/>\n<meta property=\"article:modified_time\" content=\"2022-05-29T22:30:41+00:00\" \/>\n<meta name=\"twitter:card\" content=\"summary_large_image\" \/>\n<meta name=\"twitter:label1\" content=\"Est. tempo de leitura\" \/>\n\t<meta name=\"twitter:data1\" content=\"1 minuto\" \/>\n<script type=\"application\/ld+json\" class=\"yoast-schema-graph\">{\"@context\":\"https:\/\/schema.org\",\"@graph\":[{\"@type\":\"WebPage\",\"@id\":\"https:\/\/gtifadba.com.br\/221\/sony\/\",\"url\":\"https:\/\/gtifadba.com.br\/221\/sony\/\",\"name\":\"Sony - Trabalhos GTI\",\"isPartOf\":{\"@id\":\"https:\/\/gtifadba.com.br\/221\/#website\"},\"datePublished\":\"2022-05-29T22:20:38+00:00\",\"dateModified\":\"2022-05-29T22:30:41+00:00\",\"breadcrumb\":{\"@id\":\"https:\/\/gtifadba.com.br\/221\/sony\/#breadcrumb\"},\"inLanguage\":\"pt-BR\",\"potentialAction\":[{\"@type\":\"ReadAction\",\"target\":[\"https:\/\/gtifadba.com.br\/221\/sony\/\"]}]},{\"@type\":\"BreadcrumbList\",\"@id\":\"https:\/\/gtifadba.com.br\/221\/sony\/#breadcrumb\",\"itemListElement\":[{\"@type\":\"ListItem\",\"position\":1,\"name\":\"In\u00edcio\",\"item\":\"https:\/\/gtifadba.com.br\/221\/\"},{\"@type\":\"ListItem\",\"position\":2,\"name\":\"Sony\"}]},{\"@type\":\"WebSite\",\"@id\":\"https:\/\/gtifadba.com.br\/221\/#website\",\"url\":\"https:\/\/gtifadba.com.br\/221\/\",\"name\":\"Trabalhos GTI\",\"description\":\"2022\/1 - FADBA\",\"publisher\":{\"@id\":\"https:\/\/gtifadba.com.br\/221\/#organization\"},\"potentialAction\":[{\"@type\":\"SearchAction\",\"target\":{\"@type\":\"EntryPoint\",\"urlTemplate\":\"https:\/\/gtifadba.com.br\/221\/?s={search_term_string}\"},\"query-input\":\"required name=search_term_string\"}],\"inLanguage\":\"pt-BR\"},{\"@type\":\"Organization\",\"@id\":\"https:\/\/gtifadba.com.br\/221\/#organization\",\"name\":\"2022\/1 GTI FADBA\",\"url\":\"https:\/\/gtifadba.com.br\/221\/\",\"sameAs\":[\"https:\/\/www.instagram.com\/gti_fadba\/\"],\"logo\":{\"@type\":\"ImageObject\",\"inLanguage\":\"pt-BR\",\"@id\":\"https:\/\/gtifadba.com.br\/221\/#\/schema\/logo\/image\/\",\"url\":\"https:\/\/gtifadba.com.br\/221\/wp-content\/uploads\/2022\/05\/Captura-de-Tela-2022-05-28-a\u0300s-20.46.58.png\",\"contentUrl\":\"https:\/\/gtifadba.com.br\/221\/wp-content\/uploads\/2022\/05\/Captura-de-Tela-2022-05-28-a\u0300s-20.46.58.png\",\"width\":1086,\"height\":642,\"caption\":\"2022\/1 GTI FADBA\"},\"image\":{\"@id\":\"https:\/\/gtifadba.com.br\/221\/#\/schema\/logo\/image\/\"}}]}<\/script>\n<!-- \/ Yoast SEO plugin. -->","yoast_head_json":{"title":"Sony - Trabalhos GTI","robots":{"index":"index","follow":"follow","max-snippet":"max-snippet:-1","max-image-preview":"max-image-preview:large","max-video-preview":"max-video-preview:-1"},"canonical":"https:\/\/gtifadba.com.br\/221\/sony\/","og_locale":"pt_BR","og_type":"article","og_title":"Sony - Trabalhos GTI","og_description":"Sony &#8211; A hist\u00f3ria Baixar e-book O presente trabalho foi desenvolvido por estudantes da Faculdade Adventista da Bahia, tendo como objetivo a cria\u00e7\u00e3o de um material sem fins lucrativos e que servir\u00e1 de fonte de informa\u00e7\u00f5es sobre empresa Sony. No material o aluno encontrar\u00e1 de forma din\u00e2mica importantes informa\u00e7\u00f5es como tamb\u00e9m curiosidades que \u201cmarcam\u201d a [&hellip;]","og_url":"https:\/\/gtifadba.com.br\/221\/sony\/","og_site_name":"Trabalhos GTI","article_modified_time":"2022-05-29T22:30:41+00:00","twitter_card":"summary_large_image","twitter_misc":{"Est. tempo de leitura":"1 minuto"},"schema":{"@context":"https:\/\/schema.org","@graph":[{"@type":"WebPage","@id":"https:\/\/gtifadba.com.br\/221\/sony\/","url":"https:\/\/gtifadba.com.br\/221\/sony\/","name":"Sony - Trabalhos GTI","isPartOf":{"@id":"https:\/\/gtifadba.com.br\/221\/#website"},"datePublished":"2022-05-29T22:20:38+00:00","dateModified":"2022-05-29T22:30:41+00:00","breadcrumb":{"@id":"https:\/\/gtifadba.com.br\/221\/sony\/#breadcrumb"},"inLanguage":"pt-BR","potentialAction":[{"@type":"ReadAction","target":["https:\/\/gtifadba.com.br\/221\/sony\/"]}]},{"@type":"BreadcrumbList","@id":"https:\/\/gtifadba.com.br\/221\/sony\/#breadcrumb","itemListElement":[{"@type":"ListItem","position":1,"name":"In\u00edcio","item":"https:\/\/gtifadba.com.br\/221\/"},{"@type":"ListItem","position":2,"name":"Sony"}]},{"@type":"WebSite","@id":"https:\/\/gtifadba.com.br\/221\/#website","url":"https:\/\/gtifadba.com.br\/221\/","name":"Trabalhos GTI","description":"2022\/1 - FADBA","publisher":{"@id":"https:\/\/gtifadba.com.br\/221\/#organization"},"potentialAction":[{"@type":"SearchAction","target":{"@type":"EntryPoint","urlTemplate":"https:\/\/gtifadba.com.br\/221\/?s={search_term_string}"},"query-input":"required name=search_term_string"}],"inLanguage":"pt-BR"},{"@type":"Organization","@id":"https:\/\/gtifadba.com.br\/221\/#organization","name":"2022\/1 GTI FADBA","url":"https:\/\/gtifadba.com.br\/221\/","sameAs":["https:\/\/www.instagram.com\/gti_fadba\/"],"logo":{"@type":"ImageObject","inLanguage":"pt-BR","@id":"https:\/\/gtifadba.com.br\/221\/#\/schema\/logo\/image\/","url":"https:\/\/gtifadba.com.br\/221\/wp-content\/uploads\/2022\/05\/Captura-de-Tela-2022-05-28-a\u0300s-20.46.58.png","contentUrl":"https:\/\/gtifadba.com.br\/221\/wp-content\/uploads\/2022\/05\/Captura-de-Tela-2022-05-28-a\u0300s-20.46.58.png","width":1086,"height":642,"caption":"2022\/1 GTI FADBA"},"image":{"@id":"https:\/\/gtifadba.com.br\/221\/#\/schema\/logo\/image\/"}}]}},"_links":{"self":[{"href":"https:\/\/gtifadba.com.br\/221\/wp-json\/wp\/v2\/pages\/215"}],"collection":[{"href":"https:\/\/gtifadba.com.br\/221\/wp-json\/wp\/v2\/pages"}],"about":[{"href":"https:\/\/gtifadba.com.br\/221\/wp-json\/wp\/v2\/types\/page"}],"author":[{"embeddable":true,"href":"https:\/\/gtifadba.com.br\/221\/wp-json\/wp\/v2\/users\/1"}],"replies":[{"embeddable":true,"href":"https:\/\/gtifadba.com.br\/221\/wp-json\/wp\/v2\/comments?post=215"}],"version-history":[{"count":5,"href":"https:\/\/gtifadba.com.br\/221\/wp-json\/wp\/v2\/pages\/215\/revisions"}],"predecessor-version":[{"id":228,"href":"https:\/\/gtifadba.com.br\/221\/wp-json\/wp\/v2\/pages\/215\/revisions\/228"}],"wp:attachment":[{"href":"https:\/\/gtifadba.com.br\/221\/wp-json\/wp\/v2\/media?parent=215"}],"curies":[{"name":"wp","href":"https:\/\/api.w.org\/{rel}","templated":true}]}}